{"id":82,"date":"2021-06-11T11:31:22","date_gmt":"2021-06-11T11:31:22","guid":{"rendered":"http:\/\/localhost\/andre_berger\/?page_id=82"},"modified":"2025-12-12T08:32:57","modified_gmt":"2025-12-12T08:32:57","slug":"how","status":"publish","type":"page","link":"https:\/\/www.lazazu.com\/fr\/how\/","title":{"rendered":"Concept"},"content":{"rendered":"","protected":false},"excerpt":{"rendered":"","protected":false},"author":1,"featured_media":0,"parent":0,"menu_order":0,"comment_status":"closed","ping_status":"closed","template":"page-templates\/page-how.php","meta":{"_acf_changed":false,"content-type":"","footnotes":""},"folder":[],"class_list":["post-82","page","type-page","status-publish","hentry"],"acf":[],"yoast_head":"<!-- This site is optimized with the Yoast SEO plugin v27.4 - https:\/\/yoast.com\/product\/yoast-seo-wordpress\/ -->\n<title>Propri\u00e9t\u00e9 Partag\u00e9e | Comment \u00e7a marche ?<\/title>\n<meta name=\"description\" content=\"Chaque maison r\u00e9unit deux \u00e0 huit propri\u00e9taires. D\u00e9couvrez comment fonctionne la propri\u00e9t\u00e9 partag\u00e9e avec Lazazu.\" \/>\n<meta name=\"robots\" content=\"index, follow, max-snippet:-1, max-image-preview:large, max-video-preview:-1\" \/>\n<link rel=\"canonical\" href=\"https:\/\/www.lazazu.com\/fr\/how\/\" \/>\n<meta property=\"og:locale\" content=\"fr_FR\" \/>\n<meta property=\"og:locale:alternate\" content=\"en_UK\" \/>\n<meta property=\"og:locale:alternate\" content=\"de_DE\" \/>\n<meta property=\"og:type\" content=\"article\" \/>\n<meta property=\"og:title\" content=\"Propri\u00e9t\u00e9 Partag\u00e9e | Comment \u00e7a marche ?\" \/>\n<meta property=\"og:description\" content=\"Chaque maison r\u00e9unit deux \u00e0 huit propri\u00e9taires. D\u00e9couvrez comment fonctionne la propri\u00e9t\u00e9 partag\u00e9e avec Lazazu.\" \/>\n<meta property=\"og:url\" content=\"https:\/\/www.lazazu.com\/fr\/how\/\" \/>\n<meta property=\"og:site_name\" content=\"Lazazu\" \/>\n<meta property=\"article:publisher\" content=\"https:\/\/www.facebook.com\/lazazuhomes\" \/>\n<meta property=\"article:modified_time\" content=\"2025-12-12T08:32:57+00:00\" \/>\n<meta property=\"og:image\" content=\"https:\/\/www.lazazu.com\/wp-content\/uploads\/2025\/05\/How-thumbnail.png\" \/>\n\t<meta property=\"og:image:width\" content=\"225\" \/>\n\t<meta property=\"og:image:height\" content=\"225\" \/>\n\t<meta property=\"og:image:type\" content=\"image\/png\" \/>\n<meta name=\"twitter:card\" content=\"summary_large_image\" \/>\n<meta name=\"twitter:title\" content=\"Real Home Ownership | How Lazazu Co-Ownership Works\" \/>\n<meta name=\"twitter:description\" content=\"Find out how co-ownership with Lazazu works. We are co-owners of beautiful second homes too, and we are here to share our experience with you.\" \/>\n<meta name=\"twitter:image\" content=\"https:\/\/www.lazazu.com\/wp-content\/uploads\/2021\/09\/banner-how.jpg\" \/>\n<script type=\"application\/ld+json\" class=\"yoast-schema-graph\">{\"@context\":\"https:\\\/\\\/schema.org\",\"@graph\":[{\"@type\":\"WebPage\",\"@id\":\"https:\\\/\\\/www.lazazu.com\\\/fr\\\/how\\\/#webpage\",\"url\":\"https:\\\/\\\/www.lazazu.com\\\/fr\\\/how\\\/\",\"name\":\"Propri\u00e9t\u00e9 Partag\u00e9e | Comment \u00e7a marche ?\",\"isPartOf\":{\"@id\":\"https:\\\/\\\/www.lazazu.com\\\/#website\"},\"datePublished\":\"2021-06-11T11:31:22+00:00\",\"dateModified\":\"2025-12-12T08:32:57+00:00\",\"description\":\"Chaque maison r\u00e9unit deux \u00e0 huit propri\u00e9taires. D\u00e9couvrez comment fonctionne la propri\u00e9t\u00e9 partag\u00e9e avec Lazazu.\",\"breadcrumb\":{\"@id\":\"https:\\\/\\\/www.lazazu.com\\\/fr\\\/how\\\/#breadcrumb\"},\"inLanguage\":\"fr-FR\",\"potentialAction\":[{\"@type\":\"ReadAction\",\"target\":[\"https:\\\/\\\/www.lazazu.com\\\/fr\\\/how\\\/\"]}]},{\"@type\":\"BreadcrumbList\",\"@id\":\"https:\\\/\\\/www.lazazu.com\\\/fr\\\/how\\\/#breadcrumb\",\"itemListElement\":[{\"@type\":\"ListItem\",\"position\":1,\"name\":\"Home\",\"item\":\"https:\\\/\\\/www.lazazu.com\\\/fr\\\/\"},{\"@type\":\"ListItem\",\"position\":2,\"name\":\"Concept\"}]},{\"@type\":\"WebSite\",\"@id\":\"https:\\\/\\\/www.lazazu.com\\\/#website\",\"url\":\"https:\\\/\\\/www.lazazu.com\\\/\",\"name\":\"Lazazu\",\"description\":\"Nous repensons l'achat, la gestion et l'exp\u00e9rience des r\u00e9sidences secondaires pour vous offrir celle de vos r\u00eaves.\",\"publisher\":{\"@id\":\"https:\\\/\\\/www.lazazu.com\\\/#organization\"},\"potentialAction\":[{\"@type\":\"SearchAction\",\"target\":{\"@type\":\"EntryPoint\",\"urlTemplate\":\"https:\\\/\\\/www.lazazu.com\\\/?s={search_term_string}\"},\"query-input\":{\"@type\":\"PropertyValueSpecification\",\"valueRequired\":true,\"valueName\":\"search_term_string\"}}],\"inLanguage\":\"fr-FR\"},{\"@type\":\"Organization\",\"@id\":\"https:\\\/\\\/www.lazazu.com\\\/#organization\",\"name\":\"Lazazu\",\"url\":\"https:\\\/\\\/www.lazazu.com\\\/\",\"logo\":{\"@type\":\"ImageObject\",\"inLanguage\":\"fr-FR\",\"@id\":\"https:\\\/\\\/www.lazazu.com\\\/#\\\/schema\\\/logo\\\/image\\\/\",\"url\":\"https:\\\/\\\/www.lazazu.com\\\/wp-content\\\/uploads\\\/2022\\\/08\\\/Lazazu-logo-green.png\",\"contentUrl\":\"https:\\\/\\\/www.lazazu.com\\\/wp-content\\\/uploads\\\/2022\\\/08\\\/Lazazu-logo-green.png\",\"width\":1460,\"height\":834,\"caption\":\"Lazazu\"},\"image\":{\"@id\":\"https:\\\/\\\/www.lazazu.com\\\/#\\\/schema\\\/logo\\\/image\\\/\"},\"sameAs\":[\"https:\\\/\\\/www.facebook.com\\\/lazazuhomes\",\"https:\\\/\\\/www.instagram.com\\\/lazazuhomes\\\/\",\"https:\\\/\\\/www.linkedin.com\\\/company\\\/lazazu\\\/\",\"https:\\\/\\\/www.pinterest.com\\\/LazazuHomes\\\/\"]}]}<\/script>\n<!-- \/ Yoast SEO plugin. -->","yoast_head_json":{"title":"Propri\u00e9t\u00e9 Partag\u00e9e | Comment \u00e7a marche ?","description":"Chaque maison r\u00e9unit deux \u00e0 huit propri\u00e9taires. D\u00e9couvrez comment fonctionne la propri\u00e9t\u00e9 partag\u00e9e avec Lazazu.","robots":{"index":"index","follow":"follow","max-snippet":"max-snippet:-1","max-image-preview":"max-image-preview:large","max-video-preview":"max-video-preview:-1"},"canonical":"https:\/\/www.lazazu.com\/fr\/how\/","og_locale":"fr_FR","og_type":"article","og_title":"Propri\u00e9t\u00e9 Partag\u00e9e | Comment \u00e7a marche ?","og_description":"Chaque maison r\u00e9unit deux \u00e0 huit propri\u00e9taires. D\u00e9couvrez comment fonctionne la propri\u00e9t\u00e9 partag\u00e9e avec Lazazu.","og_url":"https:\/\/www.lazazu.com\/fr\/how\/","og_site_name":"Lazazu","article_publisher":"https:\/\/www.facebook.com\/lazazuhomes","article_modified_time":"2025-12-12T08:32:57+00:00","og_image":[{"width":225,"height":225,"url":"https:\/\/www.lazazu.com\/wp-content\/uploads\/2025\/05\/How-thumbnail.png","type":"image\/png"}],"twitter_card":"summary_large_image","twitter_title":"Real Home Ownership | How Lazazu Co-Ownership Works","twitter_description":"Find out how co-ownership with Lazazu works. We are co-owners of beautiful second homes too, and we are here to share our experience with you.","twitter_image":"https:\/\/www.lazazu.com\/wp-content\/uploads\/2021\/09\/banner-how.jpg","schema":{"@context":"https:\/\/schema.org","@graph":[{"@type":"WebPage","@id":"https:\/\/www.lazazu.com\/fr\/how\/#webpage","url":"https:\/\/www.lazazu.com\/fr\/how\/","name":"Propri\u00e9t\u00e9 Partag\u00e9e | Comment \u00e7a marche ?","isPartOf":{"@id":"https:\/\/www.lazazu.com\/#website"},"datePublished":"2021-06-11T11:31:22+00:00","dateModified":"2025-12-12T08:32:57+00:00","description":"Chaque maison r\u00e9unit deux \u00e0 huit propri\u00e9taires. D\u00e9couvrez comment fonctionne la propri\u00e9t\u00e9 partag\u00e9e avec Lazazu.","breadcrumb":{"@id":"https:\/\/www.lazazu.com\/fr\/how\/#breadcrumb"},"inLanguage":"fr-FR","potentialAction":[{"@type":"ReadAction","target":["https:\/\/www.lazazu.com\/fr\/how\/"]}]},{"@type":"BreadcrumbList","@id":"https:\/\/www.lazazu.com\/fr\/how\/#breadcrumb","itemListElement":[{"@type":"ListItem","position":1,"name":"Home","item":"https:\/\/www.lazazu.com\/fr\/"},{"@type":"ListItem","position":2,"name":"Concept"}]},{"@type":"WebSite","@id":"https:\/\/www.lazazu.com\/#website","url":"https:\/\/www.lazazu.com\/","name":"Lazazu","description":"Nous repensons l'achat, la gestion et l'exp\u00e9rience des r\u00e9sidences secondaires pour vous offrir celle de vos r\u00eaves.","publisher":{"@id":"https:\/\/www.lazazu.com\/#organization"},"potentialAction":[{"@type":"SearchAction","target":{"@type":"EntryPoint","urlTemplate":"https:\/\/www.lazazu.com\/?s={search_term_string}"},"query-input":{"@type":"PropertyValueSpecification","valueRequired":true,"valueName":"search_term_string"}}],"inLanguage":"fr-FR"},{"@type":"Organization","@id":"https:\/\/www.lazazu.com\/#organization","name":"Lazazu","url":"https:\/\/www.lazazu.com\/","logo":{"@type":"ImageObject","inLanguage":"fr-FR","@id":"https:\/\/www.lazazu.com\/#\/schema\/logo\/image\/","url":"https:\/\/www.lazazu.com\/wp-content\/uploads\/2022\/08\/Lazazu-logo-green.png","contentUrl":"https:\/\/www.lazazu.com\/wp-content\/uploads\/2022\/08\/Lazazu-logo-green.png","width":1460,"height":834,"caption":"Lazazu"},"image":{"@id":"https:\/\/www.lazazu.com\/#\/schema\/logo\/image\/"},"sameAs":["https:\/\/www.facebook.com\/lazazuhomes","https:\/\/www.instagram.com\/lazazuhomes\/","https:\/\/www.linkedin.com\/company\/lazazu\/","https:\/\/www.pinterest.com\/LazazuHomes\/"]}]}},"_links":{"self":[{"href":"https:\/\/www.lazazu.com\/fr\/wp-json\/wp\/v2\/pages\/82","targetHints":{"allow":["GET"]}}],"collection":[{"href":"https:\/\/www.lazazu.com\/fr\/wp-json\/wp\/v2\/pages"}],"about":[{"href":"https:\/\/www.lazazu.com\/fr\/wp-json\/wp\/v2\/types\/page"}],"author":[{"embeddable":true,"href":"https:\/\/www.lazazu.com\/fr\/wp-json\/wp\/v2\/users\/1"}],"replies":[{"embeddable":true,"href":"https:\/\/www.lazazu.com\/fr\/wp-json\/wp\/v2\/comments?post=82"}],"version-history":[{"count":0,"href":"https:\/\/www.lazazu.com\/fr\/wp-json\/wp\/v2\/pages\/82\/revisions"}],"wp:attachment":[{"href":"https:\/\/www.lazazu.com\/fr\/wp-json\/wp\/v2\/media?parent=82"}],"wp:term":[{"taxonomy":"folder","embeddable":true,"href":"https:\/\/www.lazazu.com\/fr\/wp-json\/wp\/v2\/folder?post=82"}],"curies":[{"name":"wp","href":"https:\/\/api.w.org\/{rel}","templated":true}]}}