{"id":6232,"date":"2026-02-24T04:41:14","date_gmt":"2026-02-24T04:41:14","guid":{"rendered":"https:\/\/www.lazazu.com\/?page_id=6232"},"modified":"2026-04-15T12:18:40","modified_gmt":"2026-04-15T12:18:40","slug":"views","status":"publish","type":"page","link":"https:\/\/www.lazazu.com\/fr\/views\/","title":{"rendered":"Views"},"content":{"rendered":"<h2><span style=\"font-size: 21pt;\">Choisissez votre projet ou groupe d&rsquo;acheteurs, nous nous occupons du reste.<\/span><\/h2>\n<p>Chaque ann\u00e9e, nous travaillons sur un nombre restreint et rigoureusement s\u00e9lectionn\u00e9 de projets en copropri\u00e9t\u00e9 (co-ownership), que ch\u00fang t\u00f4i savons r\u00e9alistes et r\u00e9alisables. En nous basant sur les crit\u00e8res les plus fr\u00e9quents et une connaissance approfondie du march\u00e9, nous d\u00e9finissons les projets en amont \u2014 incluant l&#8217;emplacement, la fourchette de prix, la surface, les prestations et les d\u00e9lais.<\/p>\n<p>Vous choisissez le projet qui correspond le mieux \u00e0 vos pr\u00e9f\u00e9rences, et vous nous faites confiance pour trouver le bien id\u00e9al au sein de ces param\u00e8tres. Cette approche nous permet de faire co\u00efncider les acheteurs, l&rsquo;offre et le calendrier \u2014 \u00e9vitant ainsi les recherches irr\u00e9alistes, les frais de financement inutiles et les d\u00e9lais prolong\u00e9s.<\/p>\n","protected":false},"excerpt":{"rendered":"<p>Choisissez votre projet ou groupe d&rsquo;acheteurs, nous nous occupons du reste. Chaque ann\u00e9e, nous travaillons sur un nombre restreint et rigoureusement s\u00e9lectionn\u00e9 de projets en copropri\u00e9t\u00e9 (co-ownership), que ch\u00fang t\u00f4i savons r\u00e9alistes et r\u00e9alisables. En nous basant sur les crit\u00e8res les plus fr\u00e9quents et une connaissance approfondie du march\u00e9, nous d\u00e9finissons les projets en amont [&hellip;]<\/p>\n","protected":false},"author":17,"featured_media":0,"parent":0,"menu_order":0,"comment_status":"closed","ping_status":"closed","template":"page-templates\/page-view.php","meta":{"_acf_changed":false,"content-type":"","footnotes":""},"folder":[],"class_list":["post-6232","page","type-page","status-publish","hentry"],"acf":[],"yoast_head":"<!-- This site is optimized with the Yoast SEO plugin v27.4 - https:\/\/yoast.com\/product\/yoast-seo-wordpress\/ -->\n<title>Views<\/title>\n<meta name=\"robots\" content=\"index, follow, max-snippet:-1, max-image-preview:large, max-video-preview:-1\" \/>\n<link rel=\"canonical\" href=\"https:\/\/www.lazazu.com\/fr\/views\/\" \/>\n<meta property=\"og:locale\" content=\"fr_FR\" \/>\n<meta property=\"og:locale:alternate\" content=\"en_UK\" \/>\n<meta property=\"og:locale:alternate\" content=\"de_DE\" \/>\n<meta property=\"og:type\" content=\"article\" \/>\n<meta property=\"og:title\" content=\"Views\" \/>\n<meta property=\"og:description\" content=\"Choisissez votre projet ou groupe d&rsquo;acheteurs, nous nous occupons du reste. Chaque ann\u00e9e, nous travaillons sur un nombre restreint et rigoureusement s\u00e9lectionn\u00e9 de projets en copropri\u00e9t\u00e9 (co-ownership), que ch\u00fang t\u00f4i savons r\u00e9alistes et r\u00e9alisables. En nous basant sur les crit\u00e8res les plus fr\u00e9quents et une connaissance approfondie du march\u00e9, nous d\u00e9finissons les projets en amont [&hellip;]\" \/>\n<meta property=\"og:url\" content=\"https:\/\/www.lazazu.com\/fr\/views\/\" \/>\n<meta property=\"og:site_name\" content=\"Lazazu\" \/>\n<meta property=\"article:publisher\" content=\"https:\/\/www.facebook.com\/lazazuhomes\" \/>\n<meta property=\"article:modified_time\" content=\"2026-04-15T12:18:40+00:00\" \/>\n<meta property=\"og:image\" content=\"https:\/\/www.lazazu.com\/wp-content\/uploads\/2022\/04\/Picture-1151356-1.jpg\" \/>\n\t<meta property=\"og:image:width\" content=\"1920\" \/>\n\t<meta property=\"og:image:height\" content=\"1280\" \/>\n\t<meta property=\"og:image:type\" content=\"image\/jpeg\" \/>\n<meta name=\"twitter:card\" content=\"summary_large_image\" \/>\n<meta name=\"twitter:label1\" content=\"Dur\u00e9e de lecture estim\u00e9e\" \/>\n\t<meta name=\"twitter:data1\" content=\"2 minutes\" \/>\n<script type=\"application\/ld+json\" class=\"yoast-schema-graph\">{\"@context\":\"https:\\\/\\\/schema.org\",\"@graph\":[{\"@type\":\"WebPage\",\"@id\":\"https:\\\/\\\/www.lazazu.com\\\/fr\\\/views\\\/#webpage\",\"url\":\"https:\\\/\\\/www.lazazu.com\\\/fr\\\/views\\\/\",\"name\":\"\",\"isPartOf\":{\"@id\":\"https:\\\/\\\/www.lazazu.com\\\/#website\"},\"datePublished\":\"2026-02-24T04:41:14+00:00\",\"dateModified\":\"2026-04-15T12:18:40+00:00\",\"breadcrumb\":{\"@id\":\"https:\\\/\\\/www.lazazu.com\\\/fr\\\/views\\\/#breadcrumb\"},\"inLanguage\":\"fr-FR\",\"potentialAction\":[{\"@type\":\"ReadAction\",\"target\":[\"https:\\\/\\\/www.lazazu.com\\\/views\\\/\"]}],\"description\":\"\"},{\"@type\":\"BreadcrumbList\",\"@id\":\"https:\\\/\\\/www.lazazu.com\\\/views\\\/#breadcrumb\",\"itemListElement\":[{\"@type\":\"ListItem\",\"position\":1,\"name\":\"Home\",\"item\":\"https:\\\/\\\/www.lazazu.com\\\/fr\\\/\"},{\"@type\":\"ListItem\",\"position\":2,\"name\":\"Views\"}]},{\"@type\":\"WebSite\",\"@id\":\"https:\\\/\\\/www.lazazu.com\\\/#website\",\"url\":\"https:\\\/\\\/www.lazazu.com\\\/\",\"name\":\"Lazazu\",\"description\":\"Nous repensons l'achat, la gestion et l'exp\u00e9rience des r\u00e9sidences secondaires pour vous offrir celle de vos r\u00eaves.\",\"publisher\":{\"@id\":\"https:\\\/\\\/www.lazazu.com\\\/#organization\"},\"potentialAction\":[{\"@type\":\"SearchAction\",\"target\":{\"@type\":\"EntryPoint\",\"urlTemplate\":\"https:\\\/\\\/www.lazazu.com\\\/?s={search_term_string}\"},\"query-input\":{\"@type\":\"PropertyValueSpecification\",\"valueRequired\":true,\"valueName\":\"search_term_string\"}}],\"inLanguage\":\"fr-FR\"},{\"@type\":\"Organization\",\"@id\":\"https:\\\/\\\/www.lazazu.com\\\/#organization\",\"name\":\"Lazazu\",\"url\":\"https:\\\/\\\/www.lazazu.com\\\/\",\"logo\":{\"@type\":\"ImageObject\",\"inLanguage\":\"fr-FR\",\"@id\":\"https:\\\/\\\/www.lazazu.com\\\/#\\\/schema\\\/logo\\\/image\\\/\",\"url\":\"https:\\\/\\\/www.lazazu.com\\\/wp-content\\\/uploads\\\/2022\\\/08\\\/Lazazu-logo-green.png\",\"contentUrl\":\"https:\\\/\\\/www.lazazu.com\\\/wp-content\\\/uploads\\\/2022\\\/08\\\/Lazazu-logo-green.png\",\"width\":1460,\"height\":834,\"caption\":\"Lazazu\"},\"image\":{\"@id\":\"https:\\\/\\\/www.lazazu.com\\\/#\\\/schema\\\/logo\\\/image\\\/\"},\"sameAs\":[\"https:\\\/\\\/www.facebook.com\\\/lazazuhomes\",\"https:\\\/\\\/www.instagram.com\\\/lazazuhomes\\\/\",\"https:\\\/\\\/www.linkedin.com\\\/company\\\/lazazu\\\/\",\"https:\\\/\\\/www.pinterest.com\\\/LazazuHomes\\\/\"]}]}<\/script>\n<!-- \/ Yoast SEO plugin. -->","yoast_head_json":{"title":"Views","robots":{"index":"index","follow":"follow","max-snippet":"max-snippet:-1","max-image-preview":"max-image-preview:large","max-video-preview":"max-video-preview:-1"},"canonical":"https:\/\/www.lazazu.com\/fr\/views\/","og_locale":"fr_FR","og_type":"article","og_title":"[:en]Views[:de]Views[:fr]Views[:] - Lazazu","og_description":"Choisissez votre projet ou groupe d&rsquo;acheteurs, nous nous occupons du reste. Chaque ann\u00e9e, nous travaillons sur un nombre restreint et rigoureusement s\u00e9lectionn\u00e9 de projets en copropri\u00e9t\u00e9 (co-ownership), que ch\u00fang t\u00f4i savons r\u00e9alistes et r\u00e9alisables. En nous basant sur les crit\u00e8res les plus fr\u00e9quents et une connaissance approfondie du march\u00e9, nous d\u00e9finissons les projets en amont [&hellip;]","og_url":"https:\/\/www.lazazu.com\/fr\/views\/","og_site_name":"Lazazu","article_publisher":"https:\/\/www.facebook.com\/lazazuhomes","article_modified_time":"2026-04-15T12:18:40+00:00","og_image":[{"width":1920,"height":1280,"url":"https:\/\/www.lazazu.com\/wp-content\/uploads\/2022\/04\/Picture-1151356-1.jpg","type":"image\/jpeg"}],"twitter_card":"summary_large_image","twitter_misc":{"Dur\u00e9e de lecture estim\u00e9e":"2 minutes"},"schema":{"@context":"https:\/\/schema.org","@graph":[{"@type":"WebPage","@id":"https:\/\/www.lazazu.com\/fr\/views\/#webpage","url":"https:\/\/www.lazazu.com\/fr\/views\/","name":"","isPartOf":{"@id":"https:\/\/www.lazazu.com\/#website"},"datePublished":"2026-02-24T04:41:14+00:00","dateModified":"2026-04-15T12:18:40+00:00","breadcrumb":{"@id":"https:\/\/www.lazazu.com\/fr\/views\/#breadcrumb"},"inLanguage":"fr-FR","potentialAction":[{"@type":"ReadAction","target":["https:\/\/www.lazazu.com\/views\/"]}],"description":""},{"@type":"BreadcrumbList","@id":"https:\/\/www.lazazu.com\/views\/#breadcrumb","itemListElement":[{"@type":"ListItem","position":1,"name":"Home","item":"https:\/\/www.lazazu.com\/fr\/"},{"@type":"ListItem","position":2,"name":"Views"}]},{"@type":"WebSite","@id":"https:\/\/www.lazazu.com\/#website","url":"https:\/\/www.lazazu.com\/","name":"Lazazu","description":"Nous repensons l'achat, la gestion et l'exp\u00e9rience des r\u00e9sidences secondaires pour vous offrir celle de vos r\u00eaves.","publisher":{"@id":"https:\/\/www.lazazu.com\/#organization"},"potentialAction":[{"@type":"SearchAction","target":{"@type":"EntryPoint","urlTemplate":"https:\/\/www.lazazu.com\/?s={search_term_string}"},"query-input":{"@type":"PropertyValueSpecification","valueRequired":true,"valueName":"search_term_string"}}],"inLanguage":"fr-FR"},{"@type":"Organization","@id":"https:\/\/www.lazazu.com\/#organization","name":"Lazazu","url":"https:\/\/www.lazazu.com\/","logo":{"@type":"ImageObject","inLanguage":"fr-FR","@id":"https:\/\/www.lazazu.com\/#\/schema\/logo\/image\/","url":"https:\/\/www.lazazu.com\/wp-content\/uploads\/2022\/08\/Lazazu-logo-green.png","contentUrl":"https:\/\/www.lazazu.com\/wp-content\/uploads\/2022\/08\/Lazazu-logo-green.png","width":1460,"height":834,"caption":"Lazazu"},"image":{"@id":"https:\/\/www.lazazu.com\/#\/schema\/logo\/image\/"},"sameAs":["https:\/\/www.facebook.com\/lazazuhomes","https:\/\/www.instagram.com\/lazazuhomes\/","https:\/\/www.linkedin.com\/company\/lazazu\/","https:\/\/www.pinterest.com\/LazazuHomes\/"]}]}},"_links":{"self":[{"href":"https:\/\/www.lazazu.com\/fr\/wp-json\/wp\/v2\/pages\/6232","targetHints":{"allow":["GET"]}}],"collection":[{"href":"https:\/\/www.lazazu.com\/fr\/wp-json\/wp\/v2\/pages"}],"about":[{"href":"https:\/\/www.lazazu.com\/fr\/wp-json\/wp\/v2\/types\/page"}],"author":[{"embeddable":true,"href":"https:\/\/www.lazazu.com\/fr\/wp-json\/wp\/v2\/users\/17"}],"replies":[{"embeddable":true,"href":"https:\/\/www.lazazu.com\/fr\/wp-json\/wp\/v2\/comments?post=6232"}],"version-history":[{"count":0,"href":"https:\/\/www.lazazu.com\/fr\/wp-json\/wp\/v2\/pages\/6232\/revisions"}],"wp:attachment":[{"href":"https:\/\/www.lazazu.com\/fr\/wp-json\/wp\/v2\/media?parent=6232"}],"wp:term":[{"taxonomy":"folder","embeddable":true,"href":"https:\/\/www.lazazu.com\/fr\/wp-json\/wp\/v2\/folder?post=6232"}],"curies":[{"name":"wp","href":"https:\/\/api.w.org\/{rel}","templated":true}]}}