{"id":6232,"date":"2026-02-24T04:41:14","date_gmt":"2026-02-24T04:41:14","guid":{"rendered":"https:\/\/www.lazazu.com\/?page_id=6232"},"modified":"2026-04-15T12:18:40","modified_gmt":"2026-04-15T12:18:40","slug":"views","status":"publish","type":"page","link":"https:\/\/www.lazazu.com\/de\/views\/","title":{"rendered":"Views"},"content":{"rendered":"<h2><span style=\"font-size: 21pt;\">W\u00e4hlen Sie Ihr Projekt\/Ihre K\u00e4ufergruppe \u2013 wir liefern das Zuhaus.<\/span><\/h2>\n<p>Jedes Jahr arbeiten wir an einer sorgf\u00e4ltig ausgew\u00e4hlten Anzahl von Miteigentumsprojekten, von denen wir wissen, dass sie realistisch und umsetzbar sind. Basierend auf den Kriterien, die wir am h\u00e4ufigsten sehen, und unserer fundierten Marktkenntnis definieren wir Projekte im Voraus \u2013 einschlie\u00dflich Lage, Preisspanne, Gr\u00f6\u00dfe, Ausstattung und Zeitplan.<\/p>\n<p>Sie w\u00e4hlen das Projekt aus, das am besten zu Ihren Vorlieben passt, und vertrauen darauf, dass wir innerhalb dieser Parameter das richtige Zuhause finden. Dieser Ansatz erm\u00f6glicht es uns, K\u00e4ufer, Angebot und Timing perfekt aufeinander abzustimmen \u2013 so vermeiden wir unrealistische Suchen,<\/p>\n","protected":false},"excerpt":{"rendered":"<p>W\u00e4hlen Sie Ihr Projekt\/Ihre K\u00e4ufergruppe \u2013 wir liefern das Zuhaus. Jedes Jahr arbeiten wir an einer sorgf\u00e4ltig ausgew\u00e4hlten Anzahl von Miteigentumsprojekten, von denen wir wissen, dass sie realistisch und umsetzbar sind. Basierend auf den Kriterien, die wir am h\u00e4ufigsten sehen, und unserer fundierten Marktkenntnis definieren wir Projekte im Voraus \u2013 einschlie\u00dflich Lage, Preisspanne, Gr\u00f6\u00dfe, Ausstattung [&hellip;]<\/p>\n","protected":false},"author":17,"featured_media":0,"parent":0,"menu_order":0,"comment_status":"closed","ping_status":"closed","template":"page-templates\/page-view.php","meta":{"_acf_changed":false,"content-type":"","footnotes":""},"folder":[],"class_list":["post-6232","page","type-page","status-publish","hentry"],"acf":[],"yoast_head":"<!-- This site is optimized with the Yoast SEO plugin v27.4 - https:\/\/yoast.com\/product\/yoast-seo-wordpress\/ -->\n<title>Get Matched With Your Dream Holiday Home | View Our Homes | Lazazu<\/title>\n<meta name=\"description\" content=\"View our selection of beautiful holiday homes. Find and own your dream second home in Europe with Lazazu co-ownership.\" \/>\n<meta name=\"robots\" content=\"index, follow, max-snippet:-1, max-image-preview:large, max-video-preview:-1\" \/>\n<link rel=\"canonical\" href=\"https:\/\/www.lazazu.com\/de\/views\/\" \/>\n<meta property=\"og:locale\" content=\"de_DE\" \/>\n<meta property=\"og:locale:alternate\" content=\"en_UK\" \/>\n<meta property=\"og:locale:alternate\" content=\"fr_FR\" \/>\n<meta property=\"og:type\" content=\"article\" \/>\n<meta property=\"og:title\" content=\"Get Matched With Your Dream Holiday Home | View Our Homes | Lazazu\" \/>\n<meta property=\"og:description\" content=\"View our selection of beautiful holiday homes. Find and own your dream second home in Europe with Lazazu co-ownership.\" \/>\n<meta property=\"og:url\" content=\"https:\/\/www.lazazu.com\/de\/views\/\" \/>\n<meta property=\"og:site_name\" content=\"Lazazu\" \/>\n<meta property=\"article:publisher\" content=\"https:\/\/www.facebook.com\/lazazuhomes\" \/>\n<meta property=\"article:modified_time\" content=\"2026-04-15T12:18:40+00:00\" \/>\n<meta property=\"og:image\" content=\"https:\/\/www.lazazu.com\/wp-content\/uploads\/2022\/04\/Picture-1151356-1.jpg\" \/>\n\t<meta property=\"og:image:width\" content=\"1920\" \/>\n\t<meta property=\"og:image:height\" content=\"1280\" \/>\n\t<meta property=\"og:image:type\" content=\"image\/jpeg\" \/>\n<meta name=\"twitter:card\" content=\"summary_large_image\" \/>\n<meta name=\"twitter:label1\" content=\"Gesch\u00e4tzte Lesezeit\" \/>\n\t<meta name=\"twitter:data1\" content=\"2 Minuten\" \/>\n<script type=\"application\/ld+json\" class=\"yoast-schema-graph\">{\"@context\":\"https:\\\/\\\/schema.org\",\"@graph\":[{\"@type\":\"WebPage\",\"@id\":\"https:\\\/\\\/www.lazazu.com\\\/de\\\/views\\\/#webpage\",\"url\":\"https:\\\/\\\/www.lazazu.com\\\/de\\\/views\\\/\",\"name\":\"Get Matched With Your Dream Holiday Home | View Our Homes | Lazazu\",\"isPartOf\":{\"@id\":\"https:\\\/\\\/www.lazazu.com\\\/#website\"},\"datePublished\":\"2026-02-24T04:41:14+00:00\",\"dateModified\":\"2026-04-15T12:18:40+00:00\",\"breadcrumb\":{\"@id\":\"https:\\\/\\\/www.lazazu.com\\\/de\\\/views\\\/#breadcrumb\"},\"inLanguage\":\"de-DE\",\"potentialAction\":[{\"@type\":\"ReadAction\",\"target\":[\"https:\\\/\\\/www.lazazu.com\\\/views\\\/\"]}],\"description\":\"View our selection of beautiful holiday homes. Find and own your dream second home in Europe with Lazazu co-ownership.\"},{\"@type\":\"BreadcrumbList\",\"@id\":\"https:\\\/\\\/www.lazazu.com\\\/views\\\/#breadcrumb\",\"itemListElement\":[{\"@type\":\"ListItem\",\"position\":1,\"name\":\"Home\",\"item\":\"https:\\\/\\\/www.lazazu.com\\\/fr\\\/\"},{\"@type\":\"ListItem\",\"position\":2,\"name\":\"Views\"}]},{\"@type\":\"WebSite\",\"@id\":\"https:\\\/\\\/www.lazazu.com\\\/#website\",\"url\":\"https:\\\/\\\/www.lazazu.com\\\/\",\"name\":\"Lazazu\",\"description\":\"Own a spectacular second home\",\"publisher\":{\"@id\":\"https:\\\/\\\/www.lazazu.com\\\/#organization\"},\"potentialAction\":[{\"@type\":\"SearchAction\",\"target\":{\"@type\":\"EntryPoint\",\"urlTemplate\":\"https:\\\/\\\/www.lazazu.com\\\/?s={search_term_string}\"},\"query-input\":{\"@type\":\"PropertyValueSpecification\",\"valueRequired\":true,\"valueName\":\"search_term_string\"}}],\"inLanguage\":\"de-DE\"},{\"@type\":\"Organization\",\"@id\":\"https:\\\/\\\/www.lazazu.com\\\/#organization\",\"name\":\"Lazazu\",\"url\":\"https:\\\/\\\/www.lazazu.com\\\/\",\"logo\":{\"@type\":\"ImageObject\",\"inLanguage\":\"de-DE\",\"@id\":\"https:\\\/\\\/www.lazazu.com\\\/#\\\/schema\\\/logo\\\/image\\\/\",\"url\":\"https:\\\/\\\/www.lazazu.com\\\/wp-content\\\/uploads\\\/2022\\\/08\\\/Lazazu-logo-green.png\",\"contentUrl\":\"https:\\\/\\\/www.lazazu.com\\\/wp-content\\\/uploads\\\/2022\\\/08\\\/Lazazu-logo-green.png\",\"width\":1460,\"height\":834,\"caption\":\"Lazazu\"},\"image\":{\"@id\":\"https:\\\/\\\/www.lazazu.com\\\/#\\\/schema\\\/logo\\\/image\\\/\"},\"sameAs\":[\"https:\\\/\\\/www.facebook.com\\\/lazazuhomes\",\"https:\\\/\\\/www.instagram.com\\\/lazazuhomes\\\/\",\"https:\\\/\\\/www.linkedin.com\\\/company\\\/lazazu\\\/\",\"https:\\\/\\\/www.pinterest.com\\\/LazazuHomes\\\/\"]}]}<\/script>\n<!-- \/ Yoast SEO plugin. -->","yoast_head_json":{"title":"Get Matched With Your Dream Holiday Home | View Our Homes | Lazazu","description":"View our selection of beautiful holiday homes. Find and own your dream second home in Europe with Lazazu co-ownership.","robots":{"index":"index","follow":"follow","max-snippet":"max-snippet:-1","max-image-preview":"max-image-preview:large","max-video-preview":"max-video-preview:-1"},"canonical":"https:\/\/www.lazazu.com\/de\/views\/","og_locale":"de_DE","og_type":"article","og_title":"Get Matched With Your Dream Holiday Home | View Our Homes | Lazazu","og_description":"View our selection of beautiful holiday homes. Find and own your dream second home in Europe with Lazazu co-ownership.","og_url":"https:\/\/www.lazazu.com\/de\/views\/","og_site_name":"Lazazu","article_publisher":"https:\/\/www.facebook.com\/lazazuhomes","article_modified_time":"2026-04-15T12:18:40+00:00","og_image":[{"width":1920,"height":1280,"url":"https:\/\/www.lazazu.com\/wp-content\/uploads\/2022\/04\/Picture-1151356-1.jpg","type":"image\/jpeg"}],"twitter_card":"summary_large_image","twitter_misc":{"Gesch\u00e4tzte Lesezeit":"2 Minuten"},"schema":{"@context":"https:\/\/schema.org","@graph":[{"@type":"WebPage","@id":"https:\/\/www.lazazu.com\/de\/views\/#webpage","url":"https:\/\/www.lazazu.com\/de\/views\/","name":"Get Matched With Your Dream Holiday Home | View Our Homes | Lazazu","isPartOf":{"@id":"https:\/\/www.lazazu.com\/#website"},"datePublished":"2026-02-24T04:41:14+00:00","dateModified":"2026-04-15T12:18:40+00:00","breadcrumb":{"@id":"https:\/\/www.lazazu.com\/de\/views\/#breadcrumb"},"inLanguage":"de-DE","potentialAction":[{"@type":"ReadAction","target":["https:\/\/www.lazazu.com\/views\/"]}],"description":"View our selection of beautiful holiday homes. Find and own your dream second home in Europe with Lazazu co-ownership."},{"@type":"BreadcrumbList","@id":"https:\/\/www.lazazu.com\/views\/#breadcrumb","itemListElement":[{"@type":"ListItem","position":1,"name":"Home","item":"https:\/\/www.lazazu.com\/fr\/"},{"@type":"ListItem","position":2,"name":"Views"}]},{"@type":"WebSite","@id":"https:\/\/www.lazazu.com\/#website","url":"https:\/\/www.lazazu.com\/","name":"Lazazu","description":"Own a spectacular second home","publisher":{"@id":"https:\/\/www.lazazu.com\/#organization"},"potentialAction":[{"@type":"SearchAction","target":{"@type":"EntryPoint","urlTemplate":"https:\/\/www.lazazu.com\/?s={search_term_string}"},"query-input":{"@type":"PropertyValueSpecification","valueRequired":true,"valueName":"search_term_string"}}],"inLanguage":"de-DE"},{"@type":"Organization","@id":"https:\/\/www.lazazu.com\/#organization","name":"Lazazu","url":"https:\/\/www.lazazu.com\/","logo":{"@type":"ImageObject","inLanguage":"de-DE","@id":"https:\/\/www.lazazu.com\/#\/schema\/logo\/image\/","url":"https:\/\/www.lazazu.com\/wp-content\/uploads\/2022\/08\/Lazazu-logo-green.png","contentUrl":"https:\/\/www.lazazu.com\/wp-content\/uploads\/2022\/08\/Lazazu-logo-green.png","width":1460,"height":834,"caption":"Lazazu"},"image":{"@id":"https:\/\/www.lazazu.com\/#\/schema\/logo\/image\/"},"sameAs":["https:\/\/www.facebook.com\/lazazuhomes","https:\/\/www.instagram.com\/lazazuhomes\/","https:\/\/www.linkedin.com\/company\/lazazu\/","https:\/\/www.pinterest.com\/LazazuHomes\/"]}]}},"_links":{"self":[{"href":"https:\/\/www.lazazu.com\/de\/wp-json\/wp\/v2\/pages\/6232","targetHints":{"allow":["GET"]}}],"collection":[{"href":"https:\/\/www.lazazu.com\/de\/wp-json\/wp\/v2\/pages"}],"about":[{"href":"https:\/\/www.lazazu.com\/de\/wp-json\/wp\/v2\/types\/page"}],"author":[{"embeddable":true,"href":"https:\/\/www.lazazu.com\/de\/wp-json\/wp\/v2\/users\/17"}],"replies":[{"embeddable":true,"href":"https:\/\/www.lazazu.com\/de\/wp-json\/wp\/v2\/comments?post=6232"}],"version-history":[{"count":0,"href":"https:\/\/www.lazazu.com\/de\/wp-json\/wp\/v2\/pages\/6232\/revisions"}],"wp:attachment":[{"href":"https:\/\/www.lazazu.com\/de\/wp-json\/wp\/v2\/media?parent=6232"}],"wp:term":[{"taxonomy":"folder","embeddable":true,"href":"https:\/\/www.lazazu.com\/de\/wp-json\/wp\/v2\/folder?post=6232"}],"curies":[{"name":"wp","href":"https:\/\/api.w.org\/{rel}","templated":true}]}}