{"id":4155,"date":"2022-06-16T08:22:16","date_gmt":"2022-06-16T08:22:16","guid":{"rendered":"https:\/\/www.lazazu.com\/?page_id=4155"},"modified":"2024-01-26T10:34:44","modified_gmt":"2024-01-26T10:34:44","slug":"thank-you-for-your-home-enquiry","status":"publish","type":"page","link":"https:\/\/www.lazazu.com\/de\/thank-you-for-your-home-enquiry\/","title":{"rendered":"Thank you for your home enquiry"},"content":{"rendered":"<p><span style=\"font-size: 18pt; font-family: georgia, palatino, serif;\"><span style=\"font-weight: 400;\">Vielen Dank f\u00fcr die \u00dcbermittlung Ihrer Kriterien f\u00fcr eine Ferienimmobilie.<\/span><\/span><\/p>\n<p><span style=\"font-weight: 400;\">Als n\u00e4chsten Schritt bitten wir Sie, ein <\/span><span style=\"text-decoration: underline;\"><a href=\"https:\/\/calendly.com\/lazazu-de\/consultation\" target=\"_blank\" rel=\"noopener\"><span style=\"font-weight: 400;\">Gespr\u00e4ch mit uns zu vereinbaren<\/span><\/a><\/span><span style=\"font-weight: 400;\">, in welchem wir Ihre Pr\u00e4ferenzen im Detail besprechen und die n\u00e4chsten Schritte auf Ihrem Weg zum Miteigentum erkl\u00e4ren. Alternativ werden wir uns mit Ihnen in Verbindung setzen und einen passenden Termin mit Ihnen abstimmen.<\/span><\/p>\n<p><span style=\"font-weight: 400;\">Wir freuen uns auf das Treffen mit Ihnen!<\/span><\/p>\n<p><a class=\"btn btn-primary\" href=\"https:\/\/calendly.com\/lazazu-de\/consultation\/\" target=\"_blank\" rel=\"noopener\">Gespr\u00e4ch vereinbaren<\/a><\/p>\n","protected":false},"excerpt":{"rendered":"<p>Vielen Dank f\u00fcr die \u00dcbermittlung Ihrer Kriterien f\u00fcr eine Ferienimmobilie. Als n\u00e4chsten Schritt bitten wir Sie, ein Gespr\u00e4ch mit uns zu vereinbaren, in welchem wir Ihre Pr\u00e4ferenzen im Detail besprechen und die n\u00e4chsten Schritte auf Ihrem Weg zum Miteigentum erkl\u00e4ren. Alternativ werden wir uns mit Ihnen in Verbindung setzen und einen passenden Termin mit Ihnen [&hellip;]<\/p>\n","protected":false},"author":1,"featured_media":0,"parent":0,"menu_order":0,"comment_status":"closed","ping_status":"closed","template":"page-templates\/page-contact.php","meta":{"_acf_changed":false,"content-type":"","footnotes":""},"folder":[],"class_list":["post-4155","page","type-page","status-publish","hentry"],"acf":[],"yoast_head":"<!-- This site is optimized with the Yoast SEO plugin v27.4 - https:\/\/yoast.com\/product\/yoast-seo-wordpress\/ -->\n<title>Thank you for your enquiry<\/title>\n<meta name=\"robots\" content=\"index, follow, max-snippet:-1, max-image-preview:large, max-video-preview:-1\" \/>\n<link rel=\"canonical\" href=\"https:\/\/www.lazazu.com\/de\/thank-you-for-your-home-enquiry\/\" \/>\n<meta property=\"og:locale\" content=\"de_DE\" \/>\n<meta property=\"og:locale:alternate\" content=\"en_UK\" \/>\n<meta property=\"og:locale:alternate\" content=\"fr_FR\" \/>\n<meta property=\"og:type\" content=\"article\" \/>\n<meta property=\"og:title\" content=\"Thank you for your enquiry\" \/>\n<meta property=\"og:description\" content=\"Vielen Dank f\u00fcr die \u00dcbermittlung Ihrer Kriterien f\u00fcr eine Ferienimmobilie. Als n\u00e4chsten Schritt bitten wir Sie, ein Gespr\u00e4ch mit uns zu vereinbaren, in welchem wir Ihre Pr\u00e4ferenzen im Detail besprechen und die n\u00e4chsten Schritte auf Ihrem Weg zum Miteigentum erkl\u00e4ren. Alternativ werden wir uns mit Ihnen in Verbindung setzen und einen passenden Termin mit Ihnen [&hellip;]\" \/>\n<meta property=\"og:url\" content=\"https:\/\/www.lazazu.com\/de\/thank-you-for-your-home-enquiry\/\" \/>\n<meta property=\"og:site_name\" content=\"Lazazu\" \/>\n<meta property=\"article:publisher\" content=\"https:\/\/www.facebook.com\/lazazuhomes\" \/>\n<meta property=\"article:modified_time\" content=\"2024-01-26T10:34:44+00:00\" \/>\n<meta property=\"og:image\" content=\"https:\/\/www.lazazu.com\/wp-content\/uploads\/2022\/04\/Picture-1151356-1.jpg\" \/>\n\t<meta property=\"og:image:width\" content=\"1920\" \/>\n\t<meta property=\"og:image:height\" content=\"1280\" \/>\n\t<meta property=\"og:image:type\" content=\"image\/jpeg\" \/>\n<meta name=\"twitter:card\" content=\"summary_large_image\" \/>\n<meta name=\"twitter:label1\" content=\"Gesch\u00e4tzte Lesezeit\" \/>\n\t<meta name=\"twitter:data1\" content=\"1 Minute\" \/>\n<script type=\"application\/ld+json\" class=\"yoast-schema-graph\">{\"@context\":\"https:\\\/\\\/schema.org\",\"@graph\":[{\"@type\":\"WebPage\",\"@id\":\"https:\\\/\\\/www.lazazu.com\\\/de\\\/thank-you-for-your-home-enquiry\\\/#webpage\",\"url\":\"https:\\\/\\\/www.lazazu.com\\\/de\\\/thank-you-for-your-home-enquiry\\\/\",\"name\":\"Thank you for your enquiry\",\"isPartOf\":{\"@id\":\"https:\\\/\\\/www.lazazu.com\\\/#website\"},\"datePublished\":\"2022-06-16T08:22:16+00:00\",\"dateModified\":\"2024-01-26T10:34:44+00:00\",\"breadcrumb\":{\"@id\":\"https:\\\/\\\/www.lazazu.com\\\/de\\\/thank-you-for-your-home-enquiry\\\/#breadcrumb\"},\"inLanguage\":\"de-DE\",\"potentialAction\":[{\"@type\":\"ReadAction\",\"target\":[\"https:\\\/\\\/www.lazazu.com\\\/fr\\\/thank-you-for-your-home-enquiry\\\/\"]}],\"description\":\"\"},{\"@type\":\"BreadcrumbList\",\"@id\":\"https:\\\/\\\/www.lazazu.com\\\/fr\\\/thank-you-for-your-home-enquiry\\\/#breadcrumb\",\"itemListElement\":[{\"@type\":\"ListItem\",\"position\":1,\"name\":\"Home\",\"item\":\"https:\\\/\\\/www.lazazu.com\\\/fr\\\/\"},{\"@type\":\"ListItem\",\"position\":2,\"name\":\"Thank you for your home enquiry\"}]},{\"@type\":\"WebSite\",\"@id\":\"https:\\\/\\\/www.lazazu.com\\\/#website\",\"url\":\"https:\\\/\\\/www.lazazu.com\\\/\",\"name\":\"Lazazu\",\"description\":\"Own a spectacular second home\",\"publisher\":{\"@id\":\"https:\\\/\\\/www.lazazu.com\\\/#organization\"},\"potentialAction\":[{\"@type\":\"SearchAction\",\"target\":{\"@type\":\"EntryPoint\",\"urlTemplate\":\"https:\\\/\\\/www.lazazu.com\\\/?s={search_term_string}\"},\"query-input\":{\"@type\":\"PropertyValueSpecification\",\"valueRequired\":true,\"valueName\":\"search_term_string\"}}],\"inLanguage\":\"de-DE\"},{\"@type\":\"Organization\",\"@id\":\"https:\\\/\\\/www.lazazu.com\\\/#organization\",\"name\":\"Lazazu\",\"url\":\"https:\\\/\\\/www.lazazu.com\\\/\",\"logo\":{\"@type\":\"ImageObject\",\"inLanguage\":\"de-DE\",\"@id\":\"https:\\\/\\\/www.lazazu.com\\\/#\\\/schema\\\/logo\\\/image\\\/\",\"url\":\"https:\\\/\\\/www.lazazu.com\\\/wp-content\\\/uploads\\\/2022\\\/08\\\/Lazazu-logo-green.png\",\"contentUrl\":\"https:\\\/\\\/www.lazazu.com\\\/wp-content\\\/uploads\\\/2022\\\/08\\\/Lazazu-logo-green.png\",\"width\":1460,\"height\":834,\"caption\":\"Lazazu\"},\"image\":{\"@id\":\"https:\\\/\\\/www.lazazu.com\\\/#\\\/schema\\\/logo\\\/image\\\/\"},\"sameAs\":[\"https:\\\/\\\/www.facebook.com\\\/lazazuhomes\",\"https:\\\/\\\/www.instagram.com\\\/lazazuhomes\\\/\",\"https:\\\/\\\/www.linkedin.com\\\/company\\\/lazazu\\\/\",\"https:\\\/\\\/www.pinterest.com\\\/LazazuHomes\\\/\"]}]}<\/script>\n<!-- \/ Yoast SEO plugin. -->","yoast_head_json":{"title":"Thank you for your enquiry","robots":{"index":"index","follow":"follow","max-snippet":"max-snippet:-1","max-image-preview":"max-image-preview:large","max-video-preview":"max-video-preview:-1"},"canonical":"https:\/\/www.lazazu.com\/de\/thank-you-for-your-home-enquiry\/","og_locale":"de_DE","og_type":"article","og_title":"Thank you for your enquiry","og_description":"Vielen Dank f\u00fcr die \u00dcbermittlung Ihrer Kriterien f\u00fcr eine Ferienimmobilie. Als n\u00e4chsten Schritt bitten wir Sie, ein Gespr\u00e4ch mit uns zu vereinbaren, in welchem wir Ihre Pr\u00e4ferenzen im Detail besprechen und die n\u00e4chsten Schritte auf Ihrem Weg zum Miteigentum erkl\u00e4ren. Alternativ werden wir uns mit Ihnen in Verbindung setzen und einen passenden Termin mit Ihnen [&hellip;]","og_url":"https:\/\/www.lazazu.com\/de\/thank-you-for-your-home-enquiry\/","og_site_name":"Lazazu","article_publisher":"https:\/\/www.facebook.com\/lazazuhomes","article_modified_time":"2024-01-26T10:34:44+00:00","og_image":[{"width":1920,"height":1280,"url":"https:\/\/www.lazazu.com\/wp-content\/uploads\/2022\/04\/Picture-1151356-1.jpg","type":"image\/jpeg"}],"twitter_card":"summary_large_image","twitter_misc":{"Gesch\u00e4tzte Lesezeit":"1 Minute"},"schema":{"@context":"https:\/\/schema.org","@graph":[{"@type":"WebPage","@id":"https:\/\/www.lazazu.com\/de\/thank-you-for-your-home-enquiry\/#webpage","url":"https:\/\/www.lazazu.com\/de\/thank-you-for-your-home-enquiry\/","name":"Thank you for your enquiry","isPartOf":{"@id":"https:\/\/www.lazazu.com\/#website"},"datePublished":"2022-06-16T08:22:16+00:00","dateModified":"2024-01-26T10:34:44+00:00","breadcrumb":{"@id":"https:\/\/www.lazazu.com\/de\/thank-you-for-your-home-enquiry\/#breadcrumb"},"inLanguage":"de-DE","potentialAction":[{"@type":"ReadAction","target":["https:\/\/www.lazazu.com\/fr\/thank-you-for-your-home-enquiry\/"]}],"description":""},{"@type":"BreadcrumbList","@id":"https:\/\/www.lazazu.com\/fr\/thank-you-for-your-home-enquiry\/#breadcrumb","itemListElement":[{"@type":"ListItem","position":1,"name":"Home","item":"https:\/\/www.lazazu.com\/fr\/"},{"@type":"ListItem","position":2,"name":"Thank you for your home enquiry"}]},{"@type":"WebSite","@id":"https:\/\/www.lazazu.com\/#website","url":"https:\/\/www.lazazu.com\/","name":"Lazazu","description":"Own a spectacular second home","publisher":{"@id":"https:\/\/www.lazazu.com\/#organization"},"potentialAction":[{"@type":"SearchAction","target":{"@type":"EntryPoint","urlTemplate":"https:\/\/www.lazazu.com\/?s={search_term_string}"},"query-input":{"@type":"PropertyValueSpecification","valueRequired":true,"valueName":"search_term_string"}}],"inLanguage":"de-DE"},{"@type":"Organization","@id":"https:\/\/www.lazazu.com\/#organization","name":"Lazazu","url":"https:\/\/www.lazazu.com\/","logo":{"@type":"ImageObject","inLanguage":"de-DE","@id":"https:\/\/www.lazazu.com\/#\/schema\/logo\/image\/","url":"https:\/\/www.lazazu.com\/wp-content\/uploads\/2022\/08\/Lazazu-logo-green.png","contentUrl":"https:\/\/www.lazazu.com\/wp-content\/uploads\/2022\/08\/Lazazu-logo-green.png","width":1460,"height":834,"caption":"Lazazu"},"image":{"@id":"https:\/\/www.lazazu.com\/#\/schema\/logo\/image\/"},"sameAs":["https:\/\/www.facebook.com\/lazazuhomes","https:\/\/www.instagram.com\/lazazuhomes\/","https:\/\/www.linkedin.com\/company\/lazazu\/","https:\/\/www.pinterest.com\/LazazuHomes\/"]}]}},"_links":{"self":[{"href":"https:\/\/www.lazazu.com\/de\/wp-json\/wp\/v2\/pages\/4155","targetHints":{"allow":["GET"]}}],"collection":[{"href":"https:\/\/www.lazazu.com\/de\/wp-json\/wp\/v2\/pages"}],"about":[{"href":"https:\/\/www.lazazu.com\/de\/wp-json\/wp\/v2\/types\/page"}],"author":[{"embeddable":true,"href":"https:\/\/www.lazazu.com\/de\/wp-json\/wp\/v2\/users\/1"}],"replies":[{"embeddable":true,"href":"https:\/\/www.lazazu.com\/de\/wp-json\/wp\/v2\/comments?post=4155"}],"version-history":[{"count":0,"href":"https:\/\/www.lazazu.com\/de\/wp-json\/wp\/v2\/pages\/4155\/revisions"}],"wp:attachment":[{"href":"https:\/\/www.lazazu.com\/de\/wp-json\/wp\/v2\/media?parent=4155"}],"wp:term":[{"taxonomy":"folder","embeddable":true,"href":"https:\/\/www.lazazu.com\/de\/wp-json\/wp\/v2\/folder?post=4155"}],"curies":[{"name":"wp","href":"https:\/\/api.w.org\/{rel}","templated":true}]}}