{"id":1650,"date":"2021-07-09T11:48:36","date_gmt":"2021-07-09T11:48:36","guid":{"rendered":"https:\/\/stagingcheztoi.wpengine.com\/?page_id=1650"},"modified":"2024-01-26T10:26:00","modified_gmt":"2024-01-26T10:26:00","slug":"thank-you-for-subscription","status":"publish","type":"page","link":"https:\/\/www.lazazu.com\/de\/thank-you-for-subscription\/","title":{"rendered":"Thank You for Subscription"},"content":{"rendered":"<p><span style=\"font-family: georgia, palatino, serif; font-size: 18pt;\"><span style=\"font-weight: 400;\">Vielen Dank, dass Sie sich f\u00fcr unseren Newsletter angemeldet haben.<\/span><\/span><\/p>\n<p><span style=\"font-weight: 400;\">Wir werden uns in K\u00fcrze mit Ihnen in Verbindung setzen.<\/span><\/p>\n<p><a class=\"btn btn-primary\" href=\"http:\/\/www.lazazu.com\/de\">Zur\u00fcck zur Homepage<\/a><\/p>\n","protected":false},"excerpt":{"rendered":"<p>Vielen Dank, dass Sie sich f\u00fcr unseren Newsletter angemeldet haben. Wir werden uns in K\u00fcrze mit Ihnen in Verbindung setzen. Zur\u00fcck zur Homepage<\/p>\n","protected":false},"author":1,"featured_media":0,"parent":0,"menu_order":0,"comment_status":"closed","ping_status":"closed","template":"page-templates\/page-contact.php","meta":{"_acf_changed":false,"content-type":"","footnotes":""},"folder":[],"class_list":["post-1650","page","type-page","status-publish","hentry"],"acf":[],"yoast_head":"<!-- This site is optimized with the Yoast SEO plugin v27.5 - https:\/\/yoast.com\/product\/yoast-seo-wordpress\/ -->\n<title>Thank You for Subscription<\/title>\n<meta name=\"robots\" content=\"index, follow, max-snippet:-1, max-image-preview:large, max-video-preview:-1\" \/>\n<link rel=\"canonical\" href=\"https:\/\/www.lazazu.com\/de\/thank-you-for-subscription\/\" \/>\n<meta property=\"og:locale\" content=\"de_DE\" \/>\n<meta property=\"og:locale:alternate\" content=\"en_UK\" \/>\n<meta property=\"og:locale:alternate\" content=\"fr_FR\" \/>\n<meta property=\"og:type\" content=\"article\" \/>\n<meta property=\"og:title\" content=\"Thank You for Subscription\" \/>\n<meta property=\"og:description\" content=\"Vielen Dank, dass Sie sich f\u00fcr unseren Newsletter angemeldet haben. Wir werden uns in K\u00fcrze mit Ihnen in Verbindung setzen. Zur\u00fcck zur Homepage\" \/>\n<meta property=\"og:url\" content=\"https:\/\/www.lazazu.com\/de\/thank-you-for-subscription\/\" \/>\n<meta property=\"og:site_name\" content=\"Lazazu\" \/>\n<meta property=\"article:publisher\" content=\"https:\/\/www.facebook.com\/lazazuhomes\" \/>\n<meta property=\"article:modified_time\" content=\"2024-01-26T10:26:00+00:00\" \/>\n<meta property=\"og:image\" content=\"https:\/\/www.lazazu.com\/wp-content\/uploads\/2022\/04\/Picture-1151356-1.jpg\" \/>\n\t<meta property=\"og:image:width\" content=\"1920\" \/>\n\t<meta property=\"og:image:height\" content=\"1280\" \/>\n\t<meta property=\"og:image:type\" content=\"image\/jpeg\" \/>\n<meta name=\"twitter:card\" content=\"summary_large_image\" \/>\n<script type=\"application\/ld+json\" class=\"yoast-schema-graph\">{\"@context\":\"https:\\\/\\\/schema.org\",\"@graph\":[{\"@type\":\"WebPage\",\"@id\":\"https:\\\/\\\/www.lazazu.com\\\/de\\\/thank-you-for-subscription\\\/#webpage\",\"url\":\"https:\\\/\\\/www.lazazu.com\\\/de\\\/thank-you-for-subscription\\\/\",\"name\":\"\",\"isPartOf\":{\"@id\":\"https:\\\/\\\/www.lazazu.com\\\/#website\"},\"datePublished\":\"2021-07-09T11:48:36+00:00\",\"dateModified\":\"2024-01-26T10:26:00+00:00\",\"breadcrumb\":{\"@id\":\"https:\\\/\\\/www.lazazu.com\\\/de\\\/thank-you-for-subscription\\\/#breadcrumb\"},\"inLanguage\":\"de-DE\",\"potentialAction\":[{\"@type\":\"ReadAction\",\"target\":[\"https:\\\/\\\/www.lazazu.com\\\/thank-you-for-subscription\\\/\"]}],\"description\":\"\"},{\"@type\":\"BreadcrumbList\",\"@id\":\"https:\\\/\\\/www.lazazu.com\\\/thank-you-for-subscription\\\/#breadcrumb\",\"itemListElement\":[{\"@type\":\"ListItem\",\"position\":1,\"name\":\"Home\",\"item\":\"https:\\\/\\\/www.lazazu.com\\\/fr\\\/\"},{\"@type\":\"ListItem\",\"position\":2,\"name\":\"Thank you for your subscribing\"}]},{\"@type\":\"WebSite\",\"@id\":\"https:\\\/\\\/www.lazazu.com\\\/#website\",\"url\":\"https:\\\/\\\/www.lazazu.com\\\/\",\"name\":\"Lazazu\",\"description\":\"Own a spectacular second home\",\"publisher\":{\"@id\":\"https:\\\/\\\/www.lazazu.com\\\/#organization\"},\"potentialAction\":[{\"@type\":\"SearchAction\",\"target\":{\"@type\":\"EntryPoint\",\"urlTemplate\":\"https:\\\/\\\/www.lazazu.com\\\/?s={search_term_string}\"},\"query-input\":{\"@type\":\"PropertyValueSpecification\",\"valueRequired\":true,\"valueName\":\"search_term_string\"}}],\"inLanguage\":\"de-DE\"},{\"@type\":\"Organization\",\"@id\":\"https:\\\/\\\/www.lazazu.com\\\/#organization\",\"name\":\"Lazazu\",\"url\":\"https:\\\/\\\/www.lazazu.com\\\/\",\"logo\":{\"@type\":\"ImageObject\",\"inLanguage\":\"de-DE\",\"@id\":\"https:\\\/\\\/www.lazazu.com\\\/#\\\/schema\\\/logo\\\/image\\\/\",\"url\":\"https:\\\/\\\/www.lazazu.com\\\/wp-content\\\/uploads\\\/2022\\\/08\\\/Lazazu-logo-green.png\",\"contentUrl\":\"https:\\\/\\\/www.lazazu.com\\\/wp-content\\\/uploads\\\/2022\\\/08\\\/Lazazu-logo-green.png\",\"width\":1460,\"height\":834,\"caption\":\"Lazazu\"},\"image\":{\"@id\":\"https:\\\/\\\/www.lazazu.com\\\/#\\\/schema\\\/logo\\\/image\\\/\"},\"sameAs\":[\"https:\\\/\\\/www.facebook.com\\\/lazazuhomes\",\"https:\\\/\\\/www.instagram.com\\\/lazazuhomes\\\/\",\"https:\\\/\\\/www.linkedin.com\\\/company\\\/lazazu\\\/\",\"https:\\\/\\\/www.pinterest.com\\\/LazazuHomes\\\/\"]}]}<\/script>\n<!-- \/ Yoast SEO plugin. -->","yoast_head_json":{"title":"Thank You for Subscription","robots":{"index":"index","follow":"follow","max-snippet":"max-snippet:-1","max-image-preview":"max-image-preview:large","max-video-preview":"max-video-preview:-1"},"canonical":"https:\/\/www.lazazu.com\/de\/thank-you-for-subscription\/","og_locale":"de_DE","og_type":"article","og_title":"[:en]Thank you for your subscribing[:de]Thank You for Subscription[:fr]Thank you for your subscribing[:] - Lazazu","og_description":"Vielen Dank, dass Sie sich f\u00fcr unseren Newsletter angemeldet haben. Wir werden uns in K\u00fcrze mit Ihnen in Verbindung setzen. Zur\u00fcck zur Homepage","og_url":"https:\/\/www.lazazu.com\/de\/thank-you-for-subscription\/","og_site_name":"Lazazu","article_publisher":"https:\/\/www.facebook.com\/lazazuhomes","article_modified_time":"2024-01-26T10:26:00+00:00","og_image":[{"width":1920,"height":1280,"url":"https:\/\/www.lazazu.com\/wp-content\/uploads\/2022\/04\/Picture-1151356-1.jpg","type":"image\/jpeg"}],"twitter_card":"summary_large_image","schema":{"@context":"https:\/\/schema.org","@graph":[{"@type":"WebPage","@id":"https:\/\/www.lazazu.com\/de\/thank-you-for-subscription\/#webpage","url":"https:\/\/www.lazazu.com\/de\/thank-you-for-subscription\/","name":"","isPartOf":{"@id":"https:\/\/www.lazazu.com\/#website"},"datePublished":"2021-07-09T11:48:36+00:00","dateModified":"2024-01-26T10:26:00+00:00","breadcrumb":{"@id":"https:\/\/www.lazazu.com\/de\/thank-you-for-subscription\/#breadcrumb"},"inLanguage":"de-DE","potentialAction":[{"@type":"ReadAction","target":["https:\/\/www.lazazu.com\/thank-you-for-subscription\/"]}],"description":""},{"@type":"BreadcrumbList","@id":"https:\/\/www.lazazu.com\/thank-you-for-subscription\/#breadcrumb","itemListElement":[{"@type":"ListItem","position":1,"name":"Home","item":"https:\/\/www.lazazu.com\/fr\/"},{"@type":"ListItem","position":2,"name":"Thank you for your subscribing"}]},{"@type":"WebSite","@id":"https:\/\/www.lazazu.com\/#website","url":"https:\/\/www.lazazu.com\/","name":"Lazazu","description":"Own a spectacular second home","publisher":{"@id":"https:\/\/www.lazazu.com\/#organization"},"potentialAction":[{"@type":"SearchAction","target":{"@type":"EntryPoint","urlTemplate":"https:\/\/www.lazazu.com\/?s={search_term_string}"},"query-input":{"@type":"PropertyValueSpecification","valueRequired":true,"valueName":"search_term_string"}}],"inLanguage":"de-DE"},{"@type":"Organization","@id":"https:\/\/www.lazazu.com\/#organization","name":"Lazazu","url":"https:\/\/www.lazazu.com\/","logo":{"@type":"ImageObject","inLanguage":"de-DE","@id":"https:\/\/www.lazazu.com\/#\/schema\/logo\/image\/","url":"https:\/\/www.lazazu.com\/wp-content\/uploads\/2022\/08\/Lazazu-logo-green.png","contentUrl":"https:\/\/www.lazazu.com\/wp-content\/uploads\/2022\/08\/Lazazu-logo-green.png","width":1460,"height":834,"caption":"Lazazu"},"image":{"@id":"https:\/\/www.lazazu.com\/#\/schema\/logo\/image\/"},"sameAs":["https:\/\/www.facebook.com\/lazazuhomes","https:\/\/www.instagram.com\/lazazuhomes\/","https:\/\/www.linkedin.com\/company\/lazazu\/","https:\/\/www.pinterest.com\/LazazuHomes\/"]}]}},"_links":{"self":[{"href":"https:\/\/www.lazazu.com\/de\/wp-json\/wp\/v2\/pages\/1650","targetHints":{"allow":["GET"]}}],"collection":[{"href":"https:\/\/www.lazazu.com\/de\/wp-json\/wp\/v2\/pages"}],"about":[{"href":"https:\/\/www.lazazu.com\/de\/wp-json\/wp\/v2\/types\/page"}],"author":[{"embeddable":true,"href":"https:\/\/www.lazazu.com\/de\/wp-json\/wp\/v2\/users\/1"}],"replies":[{"embeddable":true,"href":"https:\/\/www.lazazu.com\/de\/wp-json\/wp\/v2\/comments?post=1650"}],"version-history":[{"count":0,"href":"https:\/\/www.lazazu.com\/de\/wp-json\/wp\/v2\/pages\/1650\/revisions"}],"wp:attachment":[{"href":"https:\/\/www.lazazu.com\/de\/wp-json\/wp\/v2\/media?parent=1650"}],"wp:term":[{"taxonomy":"folder","embeddable":true,"href":"https:\/\/www.lazazu.com\/de\/wp-json\/wp\/v2\/folder?post=1650"}],"curies":[{"name":"wp","href":"https:\/\/api.w.org\/{rel}","templated":true}]}}